{"id":59,"date":"2015-03-02T04:38:35","date_gmt":"2015-03-02T04:38:35","guid":{"rendered":"https:\/\/structure.thememove.com\/?page_id=59"},"modified":"2021-09-14T21:53:34","modified_gmt":"2021-09-14T19:53:34","slug":"nos-realisations","status":"publish","type":"page","link":"https:\/\/www.tmsburkina.com\/index.php\/nos-realisations\/","title":{"rendered":"NOS REALISATIONS"},"content":{"rendered":"<div  class=\"vc_row wpb_row   \" style=\"\"><div class=\" boxed\"><div class=\"container\"><div class=\"vc_row\"><div class=\"wpb_column vc_column_container col-sm-12 vc_col-sm-12 col-lg-12 vc_col-lg-12\"><div class=\"vc_column-inner\"><div class=\"wpb_wrapper\"><div class=\"vc_empty_space\"   style=\"height: 32px\"><span class=\"vc_empty_space_inner\"><\/span><\/div><div class=\"vc_custom_heading heading-title-3\" ><h3 style=\"text-align: left\" >NOS REALISATIONS<\/h3><\/div>\n\t<div class=\"wpb_text_column wpb_content_element \" >\n\t\t<div class=\"wpb_wrapper\">\n\t\t\t<p style=\"text-align: center;\">TMS Burkina compte \u00e0 son actif plusieurs dizaines r\u00e9alisations. Dont certains sont cit\u00e9s ci dessous :<\/p>\n\n\t\t<\/div>\n\t<\/div>\n<div class=\"vc_empty_space\"   style=\"height: 25px\"><span class=\"vc_empty_space_inner\"><\/span><\/div><\/div><\/div><\/div><\/div><\/div><\/div><\/div><div  class=\"vc_row wpb_row   \" style=\"\"><div class=\" boxed\"><div class=\"container\"><div class=\"vc_row\"><div class=\"wpb_column vc_column_container col-sm-12 vc_col-sm-12 col-lg-12 vc_col-lg-12\"><div class=\"vc_column-inner\"><div class=\"wpb_wrapper\"><div\n\tclass=\"vc_icon_element vc_icon_element-outer  vc_icon_element-align-center vc_icon_element-have-style\">\n\t<div\n\t\tclass=\"vc_icon_element-inner vc_icon_element-color-sky vc_icon_element-have-style-inner vc_icon_element-size-md  vc_icon_element-style-rounded vc_icon_element-background vc_icon_element-background-color-\">\n\t\t<span\n\t\t\tclass=\"vc_icon_element-icon fas fa-drafting-compass\" ><\/span>\n\t\t\t<\/div>\n<\/div><div class=\"vc_message_box vc_message_box-standard vc_message_box-rounded vc_color-info\" ><div class=\"vc_message_box-icon\"><i class=\"far fa-clipboard\"><\/i><\/div><p><strong>CLIENT<\/strong>\u00a0 :\u00a0 AGENCE DE L&rsquo;EAU DU MOUHOUN<\/p>\n<p style=\"text-align: justify;\"><strong>PROJET : <\/strong>AMENAGEMENT DE 04 SOURCES D&rsquo;EAU AU PROFIT DE\u00a0 L\u2019AGENCE DE L&rsquo;EAU DU MOUHOUN | PROTECTION DES SOURCES D&rsquo;EAU POTABLE POUR LES VILLAGES DE ME &#8211; BOUINDE &#8211; ORODARA &#8211; TIENOULE.<\/p>\n<p><strong>DATE<\/strong> : 2017\u00a0 | <strong>DELAIS DE REALISATION<\/strong>\u00a0 : 01 MOIS<\/p>\n<\/div><div\n\tclass=\"vc_icon_element vc_icon_element-outer  vc_icon_element-align-center vc_icon_element-have-style\">\n\t<div\n\t\tclass=\"vc_icon_element-inner vc_icon_element-color-sky vc_icon_element-have-style-inner vc_icon_element-size-md  vc_icon_element-style-rounded vc_icon_element-background vc_icon_element-background-color-\">\n\t\t<span\n\t\t\tclass=\"vc_icon_element-icon fas fa-drafting-compass\" ><\/span>\n\t\t\t<\/div>\n<\/div><div class=\"vc_message_box vc_message_box-standard vc_message_box-rounded vc_color-info\" ><div class=\"vc_message_box-icon\"><i class=\"far fa-clipboard\"><\/i><\/div><p><strong>CLIENT<\/strong> : RIVERSTONE KARMA<\/p>\n<p><strong>PROJET<\/strong> : ETUDE POUR L&rsquo;IMPLANTATION DE 20 FORAGES SUR LA MINE DE KARMA<\/p>\n<p><strong>DATE<\/strong> : 2019 | <strong>DELAIS D&rsquo;EXECUTION<\/strong> : 01 MOIS<\/p>\n<\/div><div\n\tclass=\"vc_icon_element vc_icon_element-outer  vc_icon_element-align-center vc_icon_element-have-style\">\n\t<div\n\t\tclass=\"vc_icon_element-inner vc_icon_element-color-sky vc_icon_element-have-style-inner vc_icon_element-size-md  vc_icon_element-style-rounded vc_icon_element-background vc_icon_element-background-color-\">\n\t\t<span\n\t\t\tclass=\"vc_icon_element-icon fas fa-drafting-compass\" ><\/span>\n\t\t\t<\/div>\n<\/div><div class=\"vc_message_box vc_message_box-standard vc_message_box-rounded vc_color-info\" ><div class=\"vc_message_box-icon\"><i class=\"far fa-clipboard\"><\/i><\/div><p><strong>CLIENT<\/strong> : KINGDOM INVESTMENT BURKINA FASO<\/p>\n<p style=\"text-align: justify;\"><strong>PROJET<\/strong> : REALISATION D&rsquo;UNE MINI AEPS DANS LA LOCALITE DE\u00a0 OUITENGA |REALISATION D&rsquo;UN CHATEAU D&rsquo;EAU DE 10 M3\u00a0 SUR SUPPORT METTALIQUE ET 02 BORNES FONTAINES , UN FORAGE GROS DEBIT ALIMENTE PAR DES PANNEAUX SOLAIRES.<\/p>\n<p><strong>DATE<\/strong> : 2018 | <strong>DELAIS DE REALISATION<\/strong> : 06 mois<\/p>\n<\/div><div\n\tclass=\"vc_icon_element vc_icon_element-outer  vc_icon_element-align-center vc_icon_element-have-style\">\n\t<div\n\t\tclass=\"vc_icon_element-inner vc_icon_element-color-sky vc_icon_element-have-style-inner vc_icon_element-size-md  vc_icon_element-style-rounded vc_icon_element-background vc_icon_element-background-color-\">\n\t\t<span\n\t\t\tclass=\"vc_icon_element-icon fas fa-drafting-compass\" ><\/span>\n\t\t\t<\/div>\n<\/div><div class=\"vc_message_box vc_message_box-standard vc_message_box-rounded vc_color-info\" ><div class=\"vc_message_box-icon\"><i class=\"far fa-clipboard\"><\/i><\/div><p style=\"text-align: justify;\"><strong>CLIENT<\/strong>\u00a0 : ENEP GAOUA<\/p>\n<p style=\"text-align: justify;\"><strong>PROJET<\/strong> : TRAVAUX D&rsquo;IMPLANTATION DE FORAGE A GROS DEBIT | ETUDE PROSPECTIVE POUR L&rsquo;IMPLANTATION DE 02 FORAGES A GROS DEBITS<\/p>\n<p style=\"text-align: justify;\"><strong>DATE<\/strong> : 2017 | <strong>DELAI D&rsquo;EXECUTION<\/strong> : 01 MOIS<\/p>\n<\/div><\/div><\/div><\/div><\/div><\/div><\/div><\/div><div  class=\"vc_row wpb_row   \" style=\"\"><div class=\" boxed\"><div class=\"container\"><div class=\"vc_row\"><div class=\"wpb_column vc_column_container col-sm-12 vc_col-sm-12 col-lg-12 vc_col-lg-12\"><div class=\"vc_column-inner\"><div class=\"wpb_wrapper\"><div\n\tclass=\"vc_icon_element vc_icon_element-outer  vc_icon_element-align-center vc_icon_element-have-style\">\n\t<div\n\t\tclass=\"vc_icon_element-inner vc_icon_element-color-sky vc_icon_element-have-style-inner vc_icon_element-size-md  vc_icon_element-style-rounded vc_icon_element-background vc_icon_element-background-color-\">\n\t\t<span\n\t\t\tclass=\"vc_icon_element-icon fas fa-drafting-compass\" ><\/span>\n\t\t\t<\/div>\n<\/div><div class=\"vc_message_box vc_message_box-standard vc_message_box-rounded vc_color-info\" ><div class=\"vc_message_box-icon\"><i class=\"far fa-clipboard\"><\/i><\/div><p><strong>CLIENT<\/strong>\u00a0: HOUNDE GOLD OPERATION SA<\/p>\n<p><strong>PROJET<\/strong>\u00a0: ETUDE ET SUIVI DES TRAVAUX DE RENFORCEMENT AEP DE HOUNDE | ETUDE ET SUIVI DES TRAVAUX DE RENFORCEMENT AEP DE HOUNDE<\/p>\n<p><strong>DATE<\/strong> : 2018 | <strong>DELAI D\u2019EXECUTION<\/strong> : 06 MOIS<\/p>\n<\/div><\/div><\/div><\/div><\/div><\/div><\/div><\/div>\n","protected":false},"excerpt":{"rendered":"NOS REALISATIONS TMS Burkina compte \u00e0 son actif plusieurs dizaines r\u00e9alisations. Dont certains sont cit\u00e9s ci dessous : CLIENT\u00a0 :\u00a0 AGENCE DE L'EAU DU MOUHOUN PROJET : AMENAGEMENT DE 04 SOURCES D'EAU AU PROFIT DE\u00a0 L\u2019AGENCE DE L'EAU DU MOUHOUN | PROTECTION DES SOURCES D'EAU POTABLE POUR LES VILLAGES DE ME - BOUINDE - ORODARA [...]","protected":false},"author":1,"featured_media":0,"parent":0,"menu_order":0,"comment_status":"closed","ping_status":"closed","template":"","meta":[],"_links":{"self":[{"href":"https:\/\/www.tmsburkina.com\/index.php\/wp-json\/wp\/v2\/pages\/59"}],"collection":[{"href":"https:\/\/www.tmsburkina.com\/index.php\/wp-json\/wp\/v2\/pages"}],"about":[{"href":"https:\/\/www.tmsburkina.com\/index.php\/wp-json\/wp\/v2\/types\/page"}],"author":[{"embeddable":true,"href":"https:\/\/www.tmsburkina.com\/index.php\/wp-json\/wp\/v2\/users\/1"}],"replies":[{"embeddable":true,"href":"https:\/\/www.tmsburkina.com\/index.php\/wp-json\/wp\/v2\/comments?post=59"}],"version-history":[{"count":36,"href":"https:\/\/www.tmsburkina.com\/index.php\/wp-json\/wp\/v2\/pages\/59\/revisions"}],"predecessor-version":[{"id":75781,"href":"https:\/\/www.tmsburkina.com\/index.php\/wp-json\/wp\/v2\/pages\/59\/revisions\/75781"}],"wp:attachment":[{"href":"https:\/\/www.tmsburkina.com\/index.php\/wp-json\/wp\/v2\/media?parent=59"}],"curies":[{"name":"wp","href":"https:\/\/api.w.org\/{rel}","templated":true}]}}