{"id":75615,"date":"2021-09-09T19:27:16","date_gmt":"2021-09-09T17:27:16","guid":{"rendered":"https:\/\/www.tmsburkina.com\/?page_id=75615"},"modified":"2021-09-11T02:32:34","modified_gmt":"2021-09-11T00:32:34","slug":"presentation","status":"publish","type":"page","link":"https:\/\/www.tmsburkina.com\/index.php\/presentation\/","title":{"rendered":"PRESENTATION"},"content":{"rendered":"<div  class=\"vc_row wpb_row   \" style=\"\"><div class=\" boxed\"><div class=\"container\"><div class=\"vc_row\"><div class=\"wpb_column vc_column_container col-sm-12 vc_col-sm-12 col-lg-12 vc_col-lg-12\"><div class=\"vc_column-inner\"><div class=\"wpb_wrapper\"><div class=\"vc_empty_space\"   style=\"height: 32px\"><span class=\"vc_empty_space_inner\"><\/span><\/div><div class=\"vc_custom_heading heading-title-3\" ><h2 style=\"text-align: center\" >PRESENTATION<\/h2><\/div><\/div><\/div><\/div><\/div><\/div><\/div><\/div><div  class=\"vc_row wpb_row   \" style=\"\"><div class=\" boxed\"><div class=\"container\"><div class=\"vc_row\"><div class=\"wpb_column vc_column_container col-sm-12 vc_col-sm-12 col-lg-12 vc_col-lg-12\"><div class=\"vc_column-inner\"><div class=\"wpb_wrapper\">\n\t<div class=\"wpb_text_column wpb_content_element  letter-spacing  2em\" >\n\t\t<div class=\"wpb_wrapper\">\n\t\t\t<p style=\"text-align: justify;\"><span style=\"color: #808080;\">TMS Burkina ( Transparency Multi &#8211; Service ) est un bureau d\u2019\u00e9tude en Hydraulique, G\u00e9osciences et G\u00e9nie Civil cr\u00e9\u00e9 en mars 2016. Inscrit au registre de commerce sous les num\u00e9ros RCCM : BFBBD2016A0441 et IFU : 00073735B, TMS Burkina a pour si\u00e8ge social, la ville de Bobo Dioulasso au secteur 29 .<\/span><\/p>\n<p style=\"text-align: justify;\"><span style=\"color: #808080;\">Le bureau d&rsquo;\u00e9tude TMS\u00a0 Burkina s\u2019est fix\u00e9 un cap : celui de rester \u00e0 l\u2019\u00e9coute du client et de lui apporter les solutions innovatrices les plus performantes en d\u00e9veloppant des activit\u00e9s d\u2019ing\u00e9nierie de haut niveau. Par ailleurs, des premi\u00e8res esquisses \u00e0 l\u2019ach\u00e8vement, la soci\u00e9t\u00e9 b\u00e2ti une partie de\u00a0 sa r\u00e9putation dans la r\u00e9alisation des projets avec rigueur.<\/span><\/p>\n\n\t\t<\/div>\n\t<\/div>\n<\/div><\/div><\/div><\/div><\/div><\/div><\/div><div  class=\"vc_row wpb_row   \" style=\"\"><div class=\" boxed\"><div class=\"container\"><div class=\"vc_row\"><div class=\"wpb_column vc_column_container col-sm-12 vc_col-sm-12 col-lg-12 vc_col-lg-12\"><div class=\"vc_column-inner\"><div class=\"wpb_wrapper\"><\/div><\/div><\/div><\/div><\/div><\/div><\/div>\n","protected":false},"excerpt":{"rendered":"PRESENTATION TMS Burkina ( Transparency Multi - Service ) est un bureau d\u2019\u00e9tude en Hydraulique, G\u00e9osciences et G\u00e9nie Civil cr\u00e9\u00e9 en mars 2016. Inscrit au registre de commerce sous les num\u00e9ros RCCM : BFBBD2016A0441 et IFU : 00073735B, TMS Burkina a pour si\u00e8ge social, la ville de Bobo Dioulasso au secteur 29 . Le bureau [...]","protected":false},"author":1,"featured_media":0,"parent":0,"menu_order":0,"comment_status":"closed","ping_status":"closed","template":"","meta":[],"_links":{"self":[{"href":"https:\/\/www.tmsburkina.com\/index.php\/wp-json\/wp\/v2\/pages\/75615"}],"collection":[{"href":"https:\/\/www.tmsburkina.com\/index.php\/wp-json\/wp\/v2\/pages"}],"about":[{"href":"https:\/\/www.tmsburkina.com\/index.php\/wp-json\/wp\/v2\/types\/page"}],"author":[{"embeddable":true,"href":"https:\/\/www.tmsburkina.com\/index.php\/wp-json\/wp\/v2\/users\/1"}],"replies":[{"embeddable":true,"href":"https:\/\/www.tmsburkina.com\/index.php\/wp-json\/wp\/v2\/comments?post=75615"}],"version-history":[{"count":19,"href":"https:\/\/www.tmsburkina.com\/index.php\/wp-json\/wp\/v2\/pages\/75615\/revisions"}],"predecessor-version":[{"id":75691,"href":"https:\/\/www.tmsburkina.com\/index.php\/wp-json\/wp\/v2\/pages\/75615\/revisions\/75691"}],"wp:attachment":[{"href":"https:\/\/www.tmsburkina.com\/index.php\/wp-json\/wp\/v2\/media?parent=75615"}],"curies":[{"name":"wp","href":"https:\/\/api.w.org\/{rel}","templated":true}]}}